{"id":132571,"date":"2020-06-07T14:42:02","date_gmt":"2020-06-07T13:42:02","guid":{"rendered":"http:\/\/contemporaryand.com\/?page_id=32571"},"modified":"2020-12-03T14:23:19","modified_gmt":"2020-12-03T14:23:19","slug":"show-me-your-shelves","status":"publish","type":"page","link":"http:\/\/3.230.254.106\/fr\/show-me-your-shelves\/","title":{"rendered":"Show  <br>me your  <br>shelves!"},"content":{"rendered":"<p><div class=\"col-lg-12 col-md-12 col-sm-12 col-xs-12\" style=\"padding: 0; margin-top: 50px;\">\n    <div id=\"cbCarousel\" class=\"carousel slide cbCarousel\" data-ride=\"carousel\" style=\"padding: 0; margin: 0; background: none;\"><div class=\"carousel-inner galerie\" role=\"listbox\" style=\"border: 1px solid transparent;\" aria-label=\"image carousel\">\n      <figure class=\"item RD-slider active\" style=\"padding: 0;\" aria-label=\"James Gregory Atkinson. Photo: Paul-David Raerick\" role=\"option\" ><img decoding=\"async\" src=\"http:\/\/3.230.254.106\/wp-content\/uploads\/2020\/07\/I4A4408c-768x509.jpg\" width=\"768\" height=\"509\" alt=\"James Gregory Atkinson. Photo: Paul-David Raerick\" style=\"max-height: 500px;  width: auto;   \"     \n \t\t\t\t\tsrcset=\"http:\/\/3.230.254.106\/wp-content\/uploads\/2020\/07\/I4A4408c-320x212.jpg 320w,\n\t\t\t\t\t\t\thttp:\/\/3.230.254.106\/wp-content\/uploads\/2020\/07\/I4A4408c-480x318.jpg 480w,\n\t\t\t\t\t\t\thttp:\/\/3.230.254.106\/wp-content\/uploads\/2020\/07\/I4A4408c-640x424.jpg 640w,\n\t\t\t\t\t\t\thttp:\/\/3.230.254.106\/wp-content\/uploads\/2020\/07\/I4A4408c-768x509.jpg 768w,\n\t\t\t\t\t\t\thttp:\/\/3.230.254.106\/wp-content\/uploads\/2020\/07\/I4A4408c-960x636.jpg 960w,\n\t\t\t\t\t\t\thttp:\/\/3.230.254.106\/wp-content\/uploads\/2020\/07\/I4A4408c-1024x678.jpg 1024w,\n\t\t\t\t\t\t\thttp:\/\/3.230.254.106\/wp-content\/uploads\/2020\/07\/I4A4408c-1280x848.jpg 1280w,\n\t\t\t\t\t\t\thttp:\/\/3.230.254.106\/wp-content\/uploads\/2020\/07\/I4A4408c.jpg 1536w,\n\t\t\t\t\t\t\thttp:\/\/3.230.254.106\/wp-content\/uploads\/2020\/07\/I4A4408c.jpg 2048w\"\n\t\t\t\t\tsizes=\"(min-width: 970px) calc(970px - 30px), (min-width: 750px) calc(750px - 30px), calc(100vw - 30px)\" ><div class=\"col-lg-12 col-md-12 col-sm-12 col-xs-12\" style=\"padding: 40px 0; background-color: #fff;\">\n          <div class=\"col-lg-4 col-md-4 col-sm-4 xol-xs-12\" style=\"padding: 0;\">&nbsp;<\/div>\n          <div class=\"col-lg-8 col-md-8 col-sm-8 col-xs-12\" style=\"padding: 0;\">\n          \t<div class=\"col-lg-10 col-md-10 col-sm-10 col-xs-10 gallerycaption\" style=\"padding: 0;\">\n    \t\t\t<div class=\"gallerycaption\">James Gregory Atkinson. Photo: Paul-David Raerick<\/div>\n      \t\t<\/div>\n      \t\t<div class=\"col-lg-2 col-md-2 col-sm-2 col-xs-2 gallerycaption2\" style=\"padding: 0; text-align: right;\">\n      \t\t\t<div class=\"gallerycaption\">\n      \t\t\t\t<a href=\"#cbCarousel\" role=\"button\" data-slide=\"prev\">\n      \t\t\t\t<span class=\"elegicon3\" aria-hidden=\"true\" style=\"display:inline !important; margin-top: 20px;\"><\/span>\n        \t\t\t<span class=\"sr-only\">Zur\u00fcck<\/span>\n      \t\t\t\t<\/a>\n      \t\t\t\t1\/4\n      \t\t\t\t<a href=\"#cbCarousel\" role=\"button\" data-slide=\"next\">\n        \t\t\t<span class=\"elegicon2\" aria-hidden=\"true\" style=\"display:inline !important; margin-top: 20px;\"><\/span>\n        \t\t\t<span class=\"sr-only\">Weiter<\/span>\n      \t\t\t\t<\/a>\n      \t\t\t<\/div>\n      \t\t<\/div>\n      \t\t<\/div>\n          <\/div> \n          \n        <\/figure><!-- end col-lg-12 -->\n        \n        \n\n          <figure class=\"item RD-slider\" style=\"padding: 0;\" aria-label=\"Skillman Biblioth\u00e8que: Bree Gant, Otherlogue, 2019, bocaux en verre, moules, fer, r\u00e9sine, abeilles, cauris. Photo: Kashira DowridgeSkillman Biblioth\u00e8que: Bree Gant, Otherlogue, 2019, bocaux en verre, moules, fer, r\u00e9sine, abeilles, cauris. Photo: Kashira Dowridge\" role=\"option\" ><img decoding=\"async\" src=\"http:\/\/3.230.254.106\/wp-content\/uploads\/2020\/07\/2W0XfmE0-768x512.jpeg\" width=\"768\" height=\"512\" alt=\"Skillman Biblioth\u00e8que: Bree Gant, Otherlogue, 2019, bocaux en verre, moules, fer, r\u00e9sine, abeilles, cauris. Photo: Kashira DowridgeSkillman Biblioth\u00e8que: Bree Gant, Otherlogue, 2019, bocaux en verre, moules, fer, r\u00e9sine, abeilles, cauris. Photo: Kashira Dowridge\" style=\"max-height: 500px;  width: auto;   \"     \n \t\t\t\t\tsrcset=\"http:\/\/3.230.254.106\/wp-content\/uploads\/2020\/07\/2W0XfmE0-320x213.jpeg 320w,\n\t\t\t\t\t\t\thttp:\/\/3.230.254.106\/wp-content\/uploads\/2020\/07\/2W0XfmE0-480x320.jpeg 480w,\n\t\t\t\t\t\t\thttp:\/\/3.230.254.106\/wp-content\/uploads\/2020\/07\/2W0XfmE0-640x427.jpeg 640w,\n\t\t\t\t\t\t\thttp:\/\/3.230.254.106\/wp-content\/uploads\/2020\/07\/2W0XfmE0-768x512.jpeg 768w,\n\t\t\t\t\t\t\thttp:\/\/3.230.254.106\/wp-content\/uploads\/2020\/07\/2W0XfmE0-960x640.jpeg 960w,\n\t\t\t\t\t\t\thttp:\/\/3.230.254.106\/wp-content\/uploads\/2020\/07\/2W0XfmE0-1024x682.jpeg 1024w,\n\t\t\t\t\t\t\thttp:\/\/3.230.254.106\/wp-content\/uploads\/2020\/07\/2W0XfmE0-1280x853.jpeg 1280w,\n\t\t\t\t\t\t\thttp:\/\/3.230.254.106\/wp-content\/uploads\/2020\/07\/2W0XfmE0.jpeg 1536w,\n\t\t\t\t\t\t\thttp:\/\/3.230.254.106\/wp-content\/uploads\/2020\/07\/2W0XfmE0.jpeg 2048w\"\n\t\t\t\t\tsizes=\"(min-width: 970px) calc(970px - 30px), (min-width: 750px) calc(750px - 30px), calc(100vw - 30px)\" ><div class=\"col-lg-12 col-md-12 col-sm-12 col-xs-12\" style=\"padding: 40px 0; background-color: #fff;\">\n          <div class=\"col-lg-4 col-md-4 col-sm-4 xol-xs-12\" style=\"padding: 0;\">&nbsp;<\/div>\n          <div class=\"col-lg-8 col-md-8 col-sm-8 col-xs-12\" style=\"padding: 0;\">\n          \t<div class=\"col-lg-10 col-md-10 col-sm-10 col-xs-10 gallerycaption\" style=\"padding: 0;\">\n    \t\t\t<div class=\"gallerycaption\">Skillman Biblioth\u00e8que: Bree Gant, Otherlogue, 2019, bocaux en verre, moules, fer, r\u00e9sine, abeilles, cauris. Photo: Kashira DowridgeSkillman Biblioth\u00e8que: Bree Gant, Otherlogue, 2019, bocaux en verre, moules, fer, r\u00e9sine, abeilles, cauris. Photo: Kashira Dowridge<\/div>\n      \t\t<\/div>\n      \t\t<div class=\"col-lg-2 col-md-2 col-sm-2 col-xs-2 gallerycaption2\" style=\"padding: 0; text-align: right;\">\n      \t\t\t<div class=\"gallerycaption\">\n      \t\t\t\t<a href=\"#cbCarousel\" role=\"button\" data-slide=\"prev\">\n      \t\t\t\t<span class=\"elegicon3\" aria-hidden=\"true\" style=\"display:inline !important; margin-top: 20px;\"><\/span>\n        \t\t\t<span class=\"sr-only\">Zur\u00fcck<\/span>\n      \t\t\t\t<\/a>\n      \t\t\t\t2\/4\n      \t\t\t\t<a href=\"#cbCarousel\" role=\"button\" data-slide=\"next\">\n        \t\t\t<span class=\"elegicon2\" aria-hidden=\"true\" style=\"display:inline !important; margin-top: 20px;\"><\/span>\n        \t\t\t<span class=\"sr-only\">Weiter<\/span>\n      \t\t\t\t<\/a>\n      \t\t\t<\/div>\n      \t\t<\/div>\n      \t\t<\/div>\n          <\/div> \n          \n        <\/figure><!-- end col-lg-12 -->\n        \n        \n\n          <figure class=\"item RD-slider\" style=\"padding: 0;\" aria-label=\"Jennifer Harge, FLY | DROWN, 2019. Photo: Kashira Dowridge\" role=\"option\" ><img decoding=\"async\" src=\"http:\/\/3.230.254.106\/wp-content\/uploads\/2020\/07\/7syaBnhe-768x512.jpeg\" width=\"768\" height=\"512\" alt=\"Jennifer Harge, FLY | DROWN, 2019. Photo: Kashira Dowridge\" style=\"max-height: 500px;  width: auto;   \"     \n \t\t\t\t\tsrcset=\"http:\/\/3.230.254.106\/wp-content\/uploads\/2020\/07\/7syaBnhe-320x213.jpeg 320w,\n\t\t\t\t\t\t\thttp:\/\/3.230.254.106\/wp-content\/uploads\/2020\/07\/7syaBnhe-480x320.jpeg 480w,\n\t\t\t\t\t\t\thttp:\/\/3.230.254.106\/wp-content\/uploads\/2020\/07\/7syaBnhe-640x427.jpeg 640w,\n\t\t\t\t\t\t\thttp:\/\/3.230.254.106\/wp-content\/uploads\/2020\/07\/7syaBnhe-768x512.jpeg 768w,\n\t\t\t\t\t\t\thttp:\/\/3.230.254.106\/wp-content\/uploads\/2020\/07\/7syaBnhe-960x640.jpeg 960w,\n\t\t\t\t\t\t\thttp:\/\/3.230.254.106\/wp-content\/uploads\/2020\/07\/7syaBnhe-1024x682.jpeg 1024w,\n\t\t\t\t\t\t\thttp:\/\/3.230.254.106\/wp-content\/uploads\/2020\/07\/7syaBnhe-1280x853.jpeg 1280w,\n\t\t\t\t\t\t\thttp:\/\/3.230.254.106\/wp-content\/uploads\/2020\/07\/7syaBnhe.jpeg 1536w,\n\t\t\t\t\t\t\thttp:\/\/3.230.254.106\/wp-content\/uploads\/2020\/07\/7syaBnhe.jpeg 2048w\"\n\t\t\t\t\tsizes=\"(min-width: 970px) calc(970px - 30px), (min-width: 750px) calc(750px - 30px), calc(100vw - 30px)\" ><div class=\"col-lg-12 col-md-12 col-sm-12 col-xs-12\" style=\"padding: 40px 0; background-color: #fff;\">\n          <div class=\"col-lg-4 col-md-4 col-sm-4 xol-xs-12\" style=\"padding: 0;\">&nbsp;<\/div>\n          <div class=\"col-lg-8 col-md-8 col-sm-8 col-xs-12\" style=\"padding: 0;\">\n          \t<div class=\"col-lg-10 col-md-10 col-sm-10 col-xs-10 gallerycaption\" style=\"padding: 0;\">\n    \t\t\t<div class=\"gallerycaption\">Jennifer Harge, FLY | DROWN, 2019. Photo: Kashira Dowridge<\/div>\n      \t\t<\/div>\n      \t\t<div class=\"col-lg-2 col-md-2 col-sm-2 col-xs-2 gallerycaption2\" style=\"padding: 0; text-align: right;\">\n      \t\t\t<div class=\"gallerycaption\">\n      \t\t\t\t<a href=\"#cbCarousel\" role=\"button\" data-slide=\"prev\">\n      \t\t\t\t<span class=\"elegicon3\" aria-hidden=\"true\" style=\"display:inline !important; margin-top: 20px;\"><\/span>\n        \t\t\t<span class=\"sr-only\">Zur\u00fcck<\/span>\n      \t\t\t\t<\/a>\n      \t\t\t\t3\/4\n      \t\t\t\t<a href=\"#cbCarousel\" role=\"button\" data-slide=\"next\">\n        \t\t\t<span class=\"elegicon2\" aria-hidden=\"true\" style=\"display:inline !important; margin-top: 20px;\"><\/span>\n        \t\t\t<span class=\"sr-only\">Weiter<\/span>\n      \t\t\t\t<\/a>\n      \t\t\t<\/div>\n      \t\t<\/div>\n      \t\t<\/div>\n          <\/div> \n          \n        <\/figure><!-- end col-lg-12 -->\n        \n        \n\n          <figure class=\"item RD-slider\" style=\"padding: 0;\" aria-label=\"Janine Jembere, to cite: diaspora, installation sonore, 37:06 minutes, tirages papier, 2019, Photo: Kashira Dowridge\" role=\"option\" ><img decoding=\"async\" src=\"http:\/\/3.230.254.106\/wp-content\/uploads\/2020\/07\/f5ytI4S6-768x512.jpeg\" width=\"768\" height=\"512\" alt=\"Janine Jembere, to cite: diaspora, installation sonore, 37:06 minutes, tirages papier, 2019, Photo: Kashira Dowridge\" style=\"max-height: 500px;  width: auto;   \"     \n \t\t\t\t\tsrcset=\"http:\/\/3.230.254.106\/wp-content\/uploads\/2020\/07\/f5ytI4S6-320x213.jpeg 320w,\n\t\t\t\t\t\t\thttp:\/\/3.230.254.106\/wp-content\/uploads\/2020\/07\/f5ytI4S6-480x320.jpeg 480w,\n\t\t\t\t\t\t\thttp:\/\/3.230.254.106\/wp-content\/uploads\/2020\/07\/f5ytI4S6-640x427.jpeg 640w,\n\t\t\t\t\t\t\thttp:\/\/3.230.254.106\/wp-content\/uploads\/2020\/07\/f5ytI4S6-768x512.jpeg 768w,\n\t\t\t\t\t\t\thttp:\/\/3.230.254.106\/wp-content\/uploads\/2020\/07\/f5ytI4S6-960x640.jpeg 960w,\n\t\t\t\t\t\t\thttp:\/\/3.230.254.106\/wp-content\/uploads\/2020\/07\/f5ytI4S6-1024x682.jpeg 1024w,\n\t\t\t\t\t\t\thttp:\/\/3.230.254.106\/wp-content\/uploads\/2020\/07\/f5ytI4S6-1280x853.jpeg 1280w,\n\t\t\t\t\t\t\thttp:\/\/3.230.254.106\/wp-content\/uploads\/2020\/07\/f5ytI4S6.jpeg 1536w,\n\t\t\t\t\t\t\thttp:\/\/3.230.254.106\/wp-content\/uploads\/2020\/07\/f5ytI4S6.jpeg 2048w\"\n\t\t\t\t\tsizes=\"(min-width: 970px) calc(970px - 30px), (min-width: 750px) calc(750px - 30px), calc(100vw - 30px)\" ><div class=\"col-lg-12 col-md-12 col-sm-12 col-xs-12\" style=\"padding: 40px 0; background-color: #fff;\">\n          <div class=\"col-lg-4 col-md-4 col-sm-4 xol-xs-12\" style=\"padding: 0;\">&nbsp;<\/div>\n          <div class=\"col-lg-8 col-md-8 col-sm-8 col-xs-12\" style=\"padding: 0;\">\n          \t<div class=\"col-lg-10 col-md-10 col-sm-10 col-xs-10 gallerycaption\" style=\"padding: 0;\">\n    \t\t\t<div class=\"gallerycaption\">Janine Jembere, to cite: diaspora, installation sonore, 37:06 minutes, tirages papier, 2019, Photo: Kashira Dowridge<\/div>\n      \t\t<\/div>\n      \t\t<div class=\"col-lg-2 col-md-2 col-sm-2 col-xs-2 gallerycaption2\" style=\"padding: 0; text-align: right;\">\n      \t\t\t<div class=\"gallerycaption\">\n      \t\t\t\t<a href=\"#cbCarousel\" role=\"button\" data-slide=\"prev\">\n      \t\t\t\t<span class=\"elegicon3\" aria-hidden=\"true\" style=\"display:inline !important; margin-top: 20px;\"><\/span>\n        \t\t\t<span class=\"sr-only\">Zur\u00fcck<\/span>\n      \t\t\t\t<\/a>\n      \t\t\t\t4\/4\n      \t\t\t\t<a href=\"#cbCarousel\" role=\"button\" data-slide=\"next\">\n        \t\t\t<span class=\"elegicon2\" aria-hidden=\"true\" style=\"display:inline !important; margin-top: 20px;\"><\/span>\n        \t\t\t<span class=\"sr-only\">Weiter<\/span>\n      \t\t\t\t<\/a>\n      \t\t\t<\/div>\n      \t\t<\/div>\n      \t\t<\/div>\n          <\/div> \n          \n        <\/figure><!-- end col-lg-12 -->\n        \n        \n\n          \n    <\/div><!-- end carousel-inner -->\n    \n    \n      \n    <\/div><!-- \/.carousel -->\n    <\/div><\/p>","protected":false},"excerpt":{"rendered":"","protected":false},"author":60,"featured_media":0,"parent":0,"menu_order":0,"comment_status":"closed","ping_status":"closed","template":"template-show_me_your_shelves.php","meta":{"_acf_changed":false,"footnotes":"","_links_to":"","_links_to_target":""},"class_list":["post-132571","page","type-page","status-publish","hentry"],"core_raw":{"post_title":"Show  <br>me your  <br>shelves!","post_content":"[:de][gallery size=\"medium\" ids=\"132811,132812,132814,132813\"][:en][gallery size=\"medium\" ids=\"132811,132812,132813,132814\"][:fr][gallery size=\"medium\" ids=\"132811,132812,132813,132814\"][:]","post_excerpt":""},"acf":{"introtext":"<p>\u00ab\u00a0Show me your Shelves !\u00a0\u00bb (Montrez-moi vos \u00e9tag\u00e8res\u00a0!) a rassembl\u00e9 des artistes, de jeunes journalistes sp\u00e9cialis\u00e9s en art et des biblioth\u00e9caires pour r\u00e9fl\u00e9chir aux structures et exp\u00e9riences communes qui existent, ainsi qu\u2019aux diff\u00e9rences entre les perspectives afro-allemandes et afro-am\u00e9ricaines. \u00c0 cette occasion, la question de la mani\u00e8re dont les biblioth\u00e8ques peuvent devenir des espaces ouverts de rencontres et de connaissances d\u00e9di\u00e9s aux liens entre les diasporas africaines a \u00e9galement \u00e9t\u00e9 abord\u00e9e. Cet \u00e9change s\u2019est d\u00e9roul\u00e9 dans le cadre de trois ateliers et deux expositions \u00e0 Detroit et Houston, ainsi que dans un num\u00e9ro sp\u00e9cial de C&amp; Print.<\/p>\n<p>Ce projet a \u00e9t\u00e9 financ\u00e9 par la campagne<a href=\"https:\/\/wunderbartogether.org\/about\/\">\u00a0Wunderbar Together \u2013 The Year of German-American Friendship<\/a> et s\u2019est d\u00e9roul\u00e9 dans le cadre de celle-ci.<\/p>\n","modul_1":{"ID":133253,"post_author":"6","post_date":"2020-10-05 09:54:35","post_date_gmt":"2020-10-05 08:54:35","post_content":"","post_title":"C& Special Edition #Detroit","post_excerpt":"","post_status":"publish","comment_status":"closed","ping_status":"closed","post_password":"","post_name":"c-special-edition-detroit","to_ping":"","pinged":"","post_modified":"2020-11-17 10:14:27","post_modified_gmt":"2020-11-17 10:14:27","post_content_filtered":"","post_parent":0,"guid":"http:\/\/3.230.254.106\/?post_type=rcmodules&#038;p=133253","menu_order":0,"post_type":"rcmodules","post_mime_type":"","comment_count":"0","filter":"raw"},"modul_2":{"ID":133254,"post_author":"6","post_date":"2020-10-05 10:01:50","post_date_gmt":"2020-10-05 09:01:50","post_content":"","post_title":"La coh\u00e9rence dans l\u2019art d\u2019Howardena Pindell et son d\u00e9fi","post_excerpt":"","post_status":"publish","comment_status":"closed","ping_status":"closed","post_password":"","post_name":"the-consistency-in-howardena-pindells-art-and-defiance","to_ping":"","pinged":"","post_modified":"2020-12-01 19:01:34","post_modified_gmt":"2020-12-01 19:01:34","post_content_filtered":"","post_parent":0,"guid":"http:\/\/3.230.254.106\/?post_type=modules&#038;p=133254","menu_order":0,"post_type":"fwsmall_modules","post_mime_type":"","comment_count":"0","filter":"raw","post_title_ml":"[:de]The Consistency in Howardena Pindell\u2019s Art and Defiance[:en]The Consistency in Howardena Pindell\u2019s Art and Defiance[:fr]La coh\u00e9rence dans l\u2019art d\u2019Howardena Pindell et son d\u00e9fi[:]","post_title_langs":{"de":true,"en":true,"fr":true}},"modul_3":{"ID":133281,"post_author":"60","post_date":"2020-10-06 09:48:13","post_date_gmt":"2020-10-06 08:48:13","post_content":"","post_title":"Derniers articles publi\u00e9s","post_excerpt":"","post_status":"publish","comment_status":"closed","ping_status":"closed","post_password":"","post_name":"latest-editorial","to_ping":"","pinged":"","post_modified":"2020-11-18 16:26:46","post_modified_gmt":"2020-11-18 16:26:46","post_content_filtered":"","post_parent":0,"guid":"http:\/\/3.230.254.106\/?post_type=sgmodules&#038;p=133281","menu_order":0,"post_type":"sgmodules","post_mime_type":"","comment_count":"0","filter":"raw","post_title_ml":"[:de]Latest Editorial[:en]Latest Editorial[:fr]Derniers articles publi\u00e9s[:]","post_title_langs":{"de":true,"en":true,"fr":true}},"modul_4":false,"modul_5":false,"tag-slug":"show-me-your-shelves"},"yoast_head":"<!-- This site is optimized with the Yoast SEO plugin v26.2 - https:\/\/yoast.com\/wordpress\/plugins\/seo\/ -->\n<title>Show me your shelves! - Contemporary And<\/title>\n<meta name=\"robots\" content=\"index, follow, max-snippet:-1, max-image-preview:large, max-video-preview:-1\" \/>\n<link rel=\"canonical\" href=\"http:\/\/3.230.254.106\/fr\/show-me-your-shelves\/\" \/>\n<meta name=\"twitter:card\" content=\"summary_large_image\" \/>\n<meta name=\"twitter:title\" content=\"Show &lt;br&gt;me your &lt;br&gt;shelves! - Contemporary And\" \/>\n<meta name=\"twitter:image\" content=\"http:\/\/3.230.254.106\/wp-content\/uploads\/2020\/07\/I4A4408c-768x509.jpg\" \/>\n<meta name=\"twitter:site\" content=\"@contemporaryand\" \/>\n<script type=\"application\/ld+json\" class=\"yoast-schema-graph\">{\"@context\":\"https:\/\/schema.org\",\"@graph\":[{\"@type\":\"WebPage\",\"@id\":\"http:\/\/3.230.254.106\/fr\/show-me-your-shelves\/\",\"url\":\"http:\/\/3.230.254.106\/fr\/show-me-your-shelves\/\",\"name\":\"Show me your shelves! - Contemporary And\",\"isPartOf\":{\"@id\":\"http:\/\/3.230.254.106\/fr\/#website\"},\"datePublished\":\"2020-06-07T13:42:02+00:00\",\"dateModified\":\"2020-12-03T14:23:19+00:00\",\"breadcrumb\":{\"@id\":\"http:\/\/3.230.254.106\/fr\/show-me-your-shelves\/#breadcrumb\"},\"inLanguage\":\"fr-FR\",\"potentialAction\":[{\"@type\":\"ReadAction\",\"target\":[[\"http:\/\/3.230.254.106\/fr\/show-me-your-shelves\/\"]]}]},{\"@type\":\"BreadcrumbList\",\"@id\":\"http:\/\/3.230.254.106\/fr\/show-me-your-shelves\/#breadcrumb\",\"itemListElement\":[{\"@type\":\"ListItem\",\"position\":1,\"name\":\"Home\",\"item\":\"http:\/\/3.230.254.106\/fr\/\"},{\"@type\":\"ListItem\",\"position\":2,\"name\":\"Show me your shelves!\"}]},{\"@type\":\"WebSite\",\"@id\":\"http:\/\/3.230.254.106\/fr\/#website\",\"url\":\"http:\/\/3.230.254.106\/fr\/\",\"name\":\"Contemporary And\",\"description\":\"Contemporary And (C&amp;) est un espace dynamique d\u00e9di\u00e9 \u00e0 la r\u00e9flexion et la mise en relation d&#039;id\u00e9es, de d\u00e9bats et d&#039;informations sur la pratique artistique contemporaine issue de diverses perspectives africaines.\",\"publisher\":{\"@id\":\"http:\/\/3.230.254.106\/fr\/#organization\"},\"alternateName\":\"C&\",\"potentialAction\":[{\"@type\":\"SearchAction\",\"target\":{\"@type\":\"EntryPoint\",\"urlTemplate\":\"http:\/\/3.230.254.106\/fr\/?s={search_term_string}\"},\"query-input\":{\"@type\":\"PropertyValueSpecification\",\"valueRequired\":true,\"valueName\":\"search_term_string\"}}],\"inLanguage\":\"fr-FR\"},{\"@type\":\"Organization\",\"@id\":\"http:\/\/3.230.254.106\/fr\/#organization\",\"name\":\"Contemporary And\",\"alternateName\":\"C&\",\"url\":\"http:\/\/3.230.254.106\/fr\/\",\"logo\":{\"@type\":\"ImageObject\",\"inLanguage\":\"fr-FR\",\"@id\":\"http:\/\/3.230.254.106\/fr\/#\/schema\/logo\/image\/\",\"url\":\"http:\/\/3.230.254.106\/wp-content\/uploads\/2022\/05\/cand_site_logo_140.png\",\"contentUrl\":\"http:\/\/3.230.254.106\/wp-content\/uploads\/2022\/05\/cand_site_logo_140.png\",\"width\":140,\"height\":78,\"caption\":\"Contemporary And\"},\"image\":{\"@id\":\"http:\/\/3.230.254.106\/fr\/#\/schema\/logo\/image\/\"},\"sameAs\":[\"https:\/\/www.facebook.com\/contemporaryand\",\"https:\/\/x.com\/contemporaryand\",\"https:\/\/instagram.com\/contemporaryand\",\"https:\/\/www.youtube.com\/user\/Contemporaryand\"]}]}<\/script>\n<!-- \/ Yoast SEO plugin. -->","yoast_head_json":{"title":"Show me your shelves! - Contemporary And","robots":{"index":"index","follow":"follow","max-snippet":"max-snippet:-1","max-image-preview":"max-image-preview:large","max-video-preview":"max-video-preview:-1"},"canonical":"http:\/\/3.230.254.106\/fr\/show-me-your-shelves\/","twitter_card":"summary_large_image","twitter_title":"Show <br>me your <br>shelves! - Contemporary And","twitter_image":"http:\/\/3.230.254.106\/wp-content\/uploads\/2020\/07\/I4A4408c-768x509.jpg","twitter_site":"@contemporaryand","schema":{"@context":"https:\/\/schema.org","@graph":[{"@type":"WebPage","@id":"http:\/\/3.230.254.106\/fr\/show-me-your-shelves\/","url":"http:\/\/3.230.254.106\/fr\/show-me-your-shelves\/","name":"Show me your shelves! - Contemporary And","isPartOf":{"@id":"http:\/\/3.230.254.106\/fr\/#website"},"datePublished":"2020-06-07T13:42:02+00:00","dateModified":"2020-12-03T14:23:19+00:00","breadcrumb":{"@id":"http:\/\/3.230.254.106\/fr\/show-me-your-shelves\/#breadcrumb"},"inLanguage":"fr-FR","potentialAction":[{"@type":"ReadAction","target":[["http:\/\/3.230.254.106\/fr\/show-me-your-shelves\/"]]}]},{"@type":"BreadcrumbList","@id":"http:\/\/3.230.254.106\/fr\/show-me-your-shelves\/#breadcrumb","itemListElement":[{"@type":"ListItem","position":1,"name":"Home","item":"http:\/\/3.230.254.106\/fr\/"},{"@type":"ListItem","position":2,"name":"Show me your shelves!"}]},{"@type":"WebSite","@id":"http:\/\/3.230.254.106\/fr\/#website","url":"http:\/\/3.230.254.106\/fr\/","name":"Contemporary And","description":"Contemporary And (C&amp;) est un espace dynamique d\u00e9di\u00e9 \u00e0 la r\u00e9flexion et la mise en relation d&#039;id\u00e9es, de d\u00e9bats et d&#039;informations sur la pratique artistique contemporaine issue de diverses perspectives africaines.","publisher":{"@id":"http:\/\/3.230.254.106\/fr\/#organization"},"alternateName":"C&","potentialAction":[{"@type":"SearchAction","target":{"@type":"EntryPoint","urlTemplate":"http:\/\/3.230.254.106\/fr\/?s={search_term_string}"},"query-input":{"@type":"PropertyValueSpecification","valueRequired":true,"valueName":"search_term_string"}}],"inLanguage":"fr-FR"},{"@type":"Organization","@id":"http:\/\/3.230.254.106\/fr\/#organization","name":"Contemporary And","alternateName":"C&","url":"http:\/\/3.230.254.106\/fr\/","logo":{"@type":"ImageObject","inLanguage":"fr-FR","@id":"http:\/\/3.230.254.106\/fr\/#\/schema\/logo\/image\/","url":"http:\/\/3.230.254.106\/wp-content\/uploads\/2022\/05\/cand_site_logo_140.png","contentUrl":"http:\/\/3.230.254.106\/wp-content\/uploads\/2022\/05\/cand_site_logo_140.png","width":140,"height":78,"caption":"Contemporary And"},"image":{"@id":"http:\/\/3.230.254.106\/fr\/#\/schema\/logo\/image\/"},"sameAs":["https:\/\/www.facebook.com\/contemporaryand","https:\/\/x.com\/contemporaryand","https:\/\/instagram.com\/contemporaryand","https:\/\/www.youtube.com\/user\/Contemporaryand"]}]}},"_links":{"self":[{"href":"http:\/\/3.230.254.106\/fr\/wp-json\/wp\/v2\/pages\/132571","targetHints":{"allow":["GET"]}}],"collection":[{"href":"http:\/\/3.230.254.106\/fr\/wp-json\/wp\/v2\/pages"}],"about":[{"href":"http:\/\/3.230.254.106\/fr\/wp-json\/wp\/v2\/types\/page"}],"author":[{"embeddable":true,"href":"http:\/\/3.230.254.106\/fr\/wp-json\/wp\/v2\/users\/60"}],"replies":[{"embeddable":true,"href":"http:\/\/3.230.254.106\/fr\/wp-json\/wp\/v2\/comments?post=132571"}],"version-history":[{"count":14,"href":"http:\/\/3.230.254.106\/fr\/wp-json\/wp\/v2\/pages\/132571\/revisions"}],"predecessor-version":[{"id":2054044,"href":"http:\/\/3.230.254.106\/fr\/wp-json\/wp\/v2\/pages\/132571\/revisions\/2054044"}],"wp:attachment":[{"href":"http:\/\/3.230.254.106\/fr\/wp-json\/wp\/v2\/media?parent=132571"}],"curies":[{"name":"wp","href":"https:\/\/api.w.org\/{rel}","templated":true}]}}